{"id":666,"date":"2022-10-25T09:41:53","date_gmt":"2022-10-25T12:41:53","guid":{"rendered":"http:\/\/massapalha.mktin\/home\/"},"modified":"2024-07-19T16:50:54","modified_gmt":"2024-07-19T19:50:54","slug":"home","status":"publish","type":"page","link":"https:\/\/massapalha.com.br\/es\/","title":{"rendered":"Home"},"content":{"rendered":"","protected":false},"excerpt":{"rendered":"","protected":false},"author":1,"featured_media":0,"parent":0,"menu_order":0,"comment_status":"closed","ping_status":"open","template":"templates\/homepage.php","meta":{"inline_featured_image":false,"footnotes":""},"class_list":["post-666","page","type-page","status-publish","hentry"],"acf":[],"yoast_head":"<!-- This site is optimized with the Yoast SEO plugin v24.8.1 - https:\/\/yoast.com\/wordpress\/plugins\/seo\/ -->\n<title>Massa Palha - Especializada en masas para pizza y masa de pastel<\/title>\n<meta name=\"description\" content=\"Industria alimentaria, especializada en la elaboraci\u00f3n de masas para pizza y masa de pastel, desde hace m\u00e1s de 30 a\u00f1os.\" \/>\n<meta name=\"robots\" content=\"index, follow, max-snippet:-1, max-image-preview:large, max-video-preview:-1\" \/>\n<link rel=\"canonical\" href=\"https:\/\/massapalha.com.br\/es\/\" \/>\n<meta property=\"og:locale\" content=\"es_ES\" \/>\n<meta property=\"og:type\" content=\"article\" \/>\n<meta property=\"og:title\" content=\"Massa Palha - Especializada en masas para pizza y masa de pastel\" \/>\n<meta property=\"og:description\" content=\"Industria alimentaria, especializada en la elaboraci\u00f3n de masas para pizza y masa de pastel, desde hace m\u00e1s de 30 a\u00f1os.\" \/>\n<meta property=\"og:url\" content=\"https:\/\/massapalha.com.br\/es\/\" \/>\n<meta property=\"og:site_name\" content=\"Massa Palha\" \/>\n<meta property=\"article:modified_time\" content=\"2024-07-19T19:50:54+00:00\" \/>\n<meta name=\"twitter:card\" content=\"summary_large_image\" \/>\n<script type=\"application\/ld+json\" class=\"yoast-schema-graph\">{\"@context\":\"https:\/\/schema.org\",\"@graph\":[{\"@type\":\"WebPage\",\"@id\":\"https:\/\/massapalha.com.br\/es\/\",\"url\":\"https:\/\/massapalha.com.br\/es\/\",\"name\":\"Massa Palha - Especializada en masas para pizza y masa de pastel\",\"isPartOf\":{\"@id\":\"https:\/\/massapalha.com.br\/es\/#website\"},\"datePublished\":\"2022-10-25T12:41:53+00:00\",\"dateModified\":\"2024-07-19T19:50:54+00:00\",\"description\":\"Industria alimentaria, especializada en la elaboraci\u00f3n de masas para pizza y masa de pastel, desde hace m\u00e1s de 30 a\u00f1os.\",\"breadcrumb\":{\"@id\":\"https:\/\/massapalha.com.br\/es\/#breadcrumb\"},\"inLanguage\":\"es\",\"potentialAction\":[{\"@type\":\"ReadAction\",\"target\":[\"https:\/\/massapalha.com.br\/es\/\"]}]},{\"@type\":\"BreadcrumbList\",\"@id\":\"https:\/\/massapalha.com.br\/es\/#breadcrumb\",\"itemListElement\":[{\"@type\":\"ListItem\",\"position\":1,\"name\":\"Home\",\"item\":\"https:\/\/massapalha.com.br\/es\/\"},{\"@type\":\"ListItem\",\"position\":2,\"name\":\"Home\"}]},{\"@type\":\"WebSite\",\"@id\":\"https:\/\/massapalha.com.br\/es\/#website\",\"url\":\"https:\/\/massapalha.com.br\/es\/\",\"name\":\"Massa Palha\",\"description\":\"Qualidade e sabor incompar\u00e1vel\",\"publisher\":{\"@id\":\"https:\/\/massapalha.com.br\/es\/#organization\"},\"potentialAction\":[{\"@type\":\"SearchAction\",\"target\":{\"@type\":\"EntryPoint\",\"urlTemplate\":\"https:\/\/massapalha.com.br\/es\/?s={search_term_string}\"},\"query-input\":{\"@type\":\"PropertyValueSpecification\",\"valueRequired\":true,\"valueName\":\"search_term_string\"}}],\"inLanguage\":\"es\"},{\"@type\":\"Organization\",\"@id\":\"https:\/\/massapalha.com.br\/es\/#organization\",\"name\":\"Massa Palha\",\"url\":\"https:\/\/massapalha.com.br\/es\/\",\"logo\":{\"@type\":\"ImageObject\",\"inLanguage\":\"es\",\"@id\":\"https:\/\/massapalha.com.br\/es\/#\/schema\/logo\/image\/\",\"url\":\"https:\/\/massapalha.com.br\/site\/wp-content\/uploads\/2022\/10\/logo-massa-palha.png\",\"contentUrl\":\"https:\/\/massapalha.com.br\/site\/wp-content\/uploads\/2022\/10\/logo-massa-palha.png\",\"width\":522,\"height\":520,\"caption\":\"Massa Palha\"},\"image\":{\"@id\":\"https:\/\/massapalha.com.br\/es\/#\/schema\/logo\/image\/\"}}]}<\/script>\n<!-- \/ Yoast SEO plugin. -->","yoast_head_json":{"title":"Massa Palha - Especializada en masas para pizza y masa de pastel","description":"Industria alimentaria, especializada en la elaboraci\u00f3n de masas para pizza y masa de pastel, desde hace m\u00e1s de 30 a\u00f1os.","robots":{"index":"index","follow":"follow","max-snippet":"max-snippet:-1","max-image-preview":"max-image-preview:large","max-video-preview":"max-video-preview:-1"},"canonical":"https:\/\/massapalha.com.br\/es\/","og_locale":"es_ES","og_type":"article","og_title":"Massa Palha - Especializada en masas para pizza y masa de pastel","og_description":"Industria alimentaria, especializada en la elaboraci\u00f3n de masas para pizza y masa de pastel, desde hace m\u00e1s de 30 a\u00f1os.","og_url":"https:\/\/massapalha.com.br\/es\/","og_site_name":"Massa Palha","article_modified_time":"2024-07-19T19:50:54+00:00","twitter_card":"summary_large_image","schema":{"@context":"https:\/\/schema.org","@graph":[{"@type":"WebPage","@id":"https:\/\/massapalha.com.br\/es\/","url":"https:\/\/massapalha.com.br\/es\/","name":"Massa Palha - Especializada en masas para pizza y masa de pastel","isPartOf":{"@id":"https:\/\/massapalha.com.br\/es\/#website"},"datePublished":"2022-10-25T12:41:53+00:00","dateModified":"2024-07-19T19:50:54+00:00","description":"Industria alimentaria, especializada en la elaboraci\u00f3n de masas para pizza y masa de pastel, desde hace m\u00e1s de 30 a\u00f1os.","breadcrumb":{"@id":"https:\/\/massapalha.com.br\/es\/#breadcrumb"},"inLanguage":"es","potentialAction":[{"@type":"ReadAction","target":["https:\/\/massapalha.com.br\/es\/"]}]},{"@type":"BreadcrumbList","@id":"https:\/\/massapalha.com.br\/es\/#breadcrumb","itemListElement":[{"@type":"ListItem","position":1,"name":"Home","item":"https:\/\/massapalha.com.br\/es\/"},{"@type":"ListItem","position":2,"name":"Home"}]},{"@type":"WebSite","@id":"https:\/\/massapalha.com.br\/es\/#website","url":"https:\/\/massapalha.com.br\/es\/","name":"Massa Palha","description":"Qualidade e sabor incompar\u00e1vel","publisher":{"@id":"https:\/\/massapalha.com.br\/es\/#organization"},"potentialAction":[{"@type":"SearchAction","target":{"@type":"EntryPoint","urlTemplate":"https:\/\/massapalha.com.br\/es\/?s={search_term_string}"},"query-input":{"@type":"PropertyValueSpecification","valueRequired":true,"valueName":"search_term_string"}}],"inLanguage":"es"},{"@type":"Organization","@id":"https:\/\/massapalha.com.br\/es\/#organization","name":"Massa Palha","url":"https:\/\/massapalha.com.br\/es\/","logo":{"@type":"ImageObject","inLanguage":"es","@id":"https:\/\/massapalha.com.br\/es\/#\/schema\/logo\/image\/","url":"https:\/\/massapalha.com.br\/site\/wp-content\/uploads\/2022\/10\/logo-massa-palha.png","contentUrl":"https:\/\/massapalha.com.br\/site\/wp-content\/uploads\/2022\/10\/logo-massa-palha.png","width":522,"height":520,"caption":"Massa Palha"},"image":{"@id":"https:\/\/massapalha.com.br\/es\/#\/schema\/logo\/image\/"}}]}},"_links":{"self":[{"href":"https:\/\/massapalha.com.br\/es\/wp-json\/wp\/v2\/pages\/666","targetHints":{"allow":["GET"]}}],"collection":[{"href":"https:\/\/massapalha.com.br\/es\/wp-json\/wp\/v2\/pages"}],"about":[{"href":"https:\/\/massapalha.com.br\/es\/wp-json\/wp\/v2\/types\/page"}],"author":[{"embeddable":true,"href":"https:\/\/massapalha.com.br\/es\/wp-json\/wp\/v2\/users\/1"}],"replies":[{"embeddable":true,"href":"https:\/\/massapalha.com.br\/es\/wp-json\/wp\/v2\/comments?post=666"}],"version-history":[{"count":4,"href":"https:\/\/massapalha.com.br\/es\/wp-json\/wp\/v2\/pages\/666\/revisions"}],"predecessor-version":[{"id":865,"href":"https:\/\/massapalha.com.br\/es\/wp-json\/wp\/v2\/pages\/666\/revisions\/865"}],"wp:attachment":[{"href":"https:\/\/massapalha.com.br\/es\/wp-json\/wp\/v2\/media?parent=666"}],"curies":[{"name":"wp","href":"https:\/\/api.w.org\/{rel}","templated":true}]}}