{"id":674,"date":"2022-10-25T09:48:51","date_gmt":"2022-10-25T12:48:51","guid":{"rendered":"http:\/\/massapalha.mktin\/quienes-somos\/"},"modified":"2024-07-22T14:18:02","modified_gmt":"2024-07-22T17:18:02","slug":"quienes-somos","status":"publish","type":"page","link":"https:\/\/massapalha.com.br\/es\/quienes-somos\/","title":{"rendered":"Quienes somos"},"content":{"rendered":"<p>Somos una industria alimentaria, especializada en la elaboraci\u00f3n de masas para pizza y pasta fresca, desde hace m\u00e1s de 30 a\u00f1os. Cumplimos estrictos est\u00e1ndares internacionales de certificaci\u00f3n de calidad, <em>defensa alimentaria<\/em> y buenas pr\u00e1cticas alimentarias.<\/p>\n<p>Nos preocupamos por tener el mejor producto de la categor\u00eda, ya sea en nuestra marca o produciendo para nuestros clientes socios.<\/p>\n<div class=\"header-page\" style=\"padding: 0 0 30px;\"><\/div>\n","protected":false},"excerpt":{"rendered":"<p>Somos una industria alimentaria, especializada en la elaboraci\u00f3n de masas para pizza y pasta fresca, desde hace m\u00e1s de 30&#8230;<\/p>\n","protected":false},"author":1,"featured_media":0,"parent":0,"menu_order":0,"comment_status":"closed","ping_status":"closed","template":"templates\/empresa.php","meta":{"inline_featured_image":false,"footnotes":""},"class_list":["post-674","page","type-page","status-publish","hentry"],"acf":[],"yoast_head":"<!-- This site is optimized with the Yoast SEO plugin v24.8.1 - https:\/\/yoast.com\/wordpress\/plugins\/seo\/ -->\n<title>Quienes somos - Massa Palha<\/title>\n<meta name=\"description\" content=\"Somos una industria alimentaria, especializada en la elaboraci\u00f3n de masas para pizza y pasta fresca, desde hace m\u00e1s de 30 a\u00f1os.\" \/>\n<meta name=\"robots\" content=\"index, follow, max-snippet:-1, max-image-preview:large, max-video-preview:-1\" \/>\n<link rel=\"canonical\" href=\"https:\/\/massapalha.com.br\/es\/quienes-somos\/\" \/>\n<meta property=\"og:locale\" content=\"es_ES\" \/>\n<meta property=\"og:type\" content=\"article\" \/>\n<meta property=\"og:title\" content=\"Quienes somos - Massa Palha\" \/>\n<meta property=\"og:description\" content=\"Somos una industria alimentaria, especializada en la elaboraci\u00f3n de masas para pizza y pasta fresca, desde hace m\u00e1s de 30 a\u00f1os.\" \/>\n<meta property=\"og:url\" content=\"https:\/\/massapalha.com.br\/es\/quienes-somos\/\" \/>\n<meta property=\"og:site_name\" content=\"Massa Palha\" \/>\n<meta property=\"article:modified_time\" content=\"2024-07-22T17:18:02+00:00\" \/>\n<meta name=\"twitter:card\" content=\"summary_large_image\" \/>\n<meta name=\"twitter:label1\" content=\"Tiempo de lectura\" \/>\n\t<meta name=\"twitter:data1\" content=\"1 minuto\" \/>\n<script type=\"application\/ld+json\" class=\"yoast-schema-graph\">{\"@context\":\"https:\/\/schema.org\",\"@graph\":[{\"@type\":\"WebPage\",\"@id\":\"https:\/\/massapalha.com.br\/es\/quienes-somos\/\",\"url\":\"https:\/\/massapalha.com.br\/es\/quienes-somos\/\",\"name\":\"Quienes somos - Massa Palha\",\"isPartOf\":{\"@id\":\"https:\/\/massapalha.com.br\/es\/#website\"},\"datePublished\":\"2022-10-25T12:48:51+00:00\",\"dateModified\":\"2024-07-22T17:18:02+00:00\",\"description\":\"Somos una industria alimentaria, especializada en la elaboraci\u00f3n de masas para pizza y pasta fresca, desde hace m\u00e1s de 30 a\u00f1os.\",\"breadcrumb\":{\"@id\":\"https:\/\/massapalha.com.br\/es\/quienes-somos\/#breadcrumb\"},\"inLanguage\":\"es\",\"potentialAction\":[{\"@type\":\"ReadAction\",\"target\":[\"https:\/\/massapalha.com.br\/es\/quienes-somos\/\"]}]},{\"@type\":\"BreadcrumbList\",\"@id\":\"https:\/\/massapalha.com.br\/es\/quienes-somos\/#breadcrumb\",\"itemListElement\":[{\"@type\":\"ListItem\",\"position\":1,\"name\":\"Home\",\"item\":\"https:\/\/massapalha.com.br\/es\/\"},{\"@type\":\"ListItem\",\"position\":2,\"name\":\"Quienes somos\"}]},{\"@type\":\"WebSite\",\"@id\":\"https:\/\/massapalha.com.br\/es\/#website\",\"url\":\"https:\/\/massapalha.com.br\/es\/\",\"name\":\"Massa Palha\",\"description\":\"Qualidade e sabor incompar\u00e1vel\",\"publisher\":{\"@id\":\"https:\/\/massapalha.com.br\/es\/#organization\"},\"potentialAction\":[{\"@type\":\"SearchAction\",\"target\":{\"@type\":\"EntryPoint\",\"urlTemplate\":\"https:\/\/massapalha.com.br\/es\/?s={search_term_string}\"},\"query-input\":{\"@type\":\"PropertyValueSpecification\",\"valueRequired\":true,\"valueName\":\"search_term_string\"}}],\"inLanguage\":\"es\"},{\"@type\":\"Organization\",\"@id\":\"https:\/\/massapalha.com.br\/es\/#organization\",\"name\":\"Massa Palha\",\"url\":\"https:\/\/massapalha.com.br\/es\/\",\"logo\":{\"@type\":\"ImageObject\",\"inLanguage\":\"es\",\"@id\":\"https:\/\/massapalha.com.br\/es\/#\/schema\/logo\/image\/\",\"url\":\"https:\/\/massapalha.com.br\/site\/wp-content\/uploads\/2022\/10\/logo-massa-palha.png\",\"contentUrl\":\"https:\/\/massapalha.com.br\/site\/wp-content\/uploads\/2022\/10\/logo-massa-palha.png\",\"width\":522,\"height\":520,\"caption\":\"Massa Palha\"},\"image\":{\"@id\":\"https:\/\/massapalha.com.br\/es\/#\/schema\/logo\/image\/\"}}]}<\/script>\n<!-- \/ Yoast SEO plugin. -->","yoast_head_json":{"title":"Quienes somos - Massa Palha","description":"Somos una industria alimentaria, especializada en la elaboraci\u00f3n de masas para pizza y pasta fresca, desde hace m\u00e1s de 30 a\u00f1os.","robots":{"index":"index","follow":"follow","max-snippet":"max-snippet:-1","max-image-preview":"max-image-preview:large","max-video-preview":"max-video-preview:-1"},"canonical":"https:\/\/massapalha.com.br\/es\/quienes-somos\/","og_locale":"es_ES","og_type":"article","og_title":"Quienes somos - Massa Palha","og_description":"Somos una industria alimentaria, especializada en la elaboraci\u00f3n de masas para pizza y pasta fresca, desde hace m\u00e1s de 30 a\u00f1os.","og_url":"https:\/\/massapalha.com.br\/es\/quienes-somos\/","og_site_name":"Massa Palha","article_modified_time":"2024-07-22T17:18:02+00:00","twitter_card":"summary_large_image","twitter_misc":{"Tiempo de lectura":"1 minuto"},"schema":{"@context":"https:\/\/schema.org","@graph":[{"@type":"WebPage","@id":"https:\/\/massapalha.com.br\/es\/quienes-somos\/","url":"https:\/\/massapalha.com.br\/es\/quienes-somos\/","name":"Quienes somos - Massa Palha","isPartOf":{"@id":"https:\/\/massapalha.com.br\/es\/#website"},"datePublished":"2022-10-25T12:48:51+00:00","dateModified":"2024-07-22T17:18:02+00:00","description":"Somos una industria alimentaria, especializada en la elaboraci\u00f3n de masas para pizza y pasta fresca, desde hace m\u00e1s de 30 a\u00f1os.","breadcrumb":{"@id":"https:\/\/massapalha.com.br\/es\/quienes-somos\/#breadcrumb"},"inLanguage":"es","potentialAction":[{"@type":"ReadAction","target":["https:\/\/massapalha.com.br\/es\/quienes-somos\/"]}]},{"@type":"BreadcrumbList","@id":"https:\/\/massapalha.com.br\/es\/quienes-somos\/#breadcrumb","itemListElement":[{"@type":"ListItem","position":1,"name":"Home","item":"https:\/\/massapalha.com.br\/es\/"},{"@type":"ListItem","position":2,"name":"Quienes somos"}]},{"@type":"WebSite","@id":"https:\/\/massapalha.com.br\/es\/#website","url":"https:\/\/massapalha.com.br\/es\/","name":"Massa Palha","description":"Qualidade e sabor incompar\u00e1vel","publisher":{"@id":"https:\/\/massapalha.com.br\/es\/#organization"},"potentialAction":[{"@type":"SearchAction","target":{"@type":"EntryPoint","urlTemplate":"https:\/\/massapalha.com.br\/es\/?s={search_term_string}"},"query-input":{"@type":"PropertyValueSpecification","valueRequired":true,"valueName":"search_term_string"}}],"inLanguage":"es"},{"@type":"Organization","@id":"https:\/\/massapalha.com.br\/es\/#organization","name":"Massa Palha","url":"https:\/\/massapalha.com.br\/es\/","logo":{"@type":"ImageObject","inLanguage":"es","@id":"https:\/\/massapalha.com.br\/es\/#\/schema\/logo\/image\/","url":"https:\/\/massapalha.com.br\/site\/wp-content\/uploads\/2022\/10\/logo-massa-palha.png","contentUrl":"https:\/\/massapalha.com.br\/site\/wp-content\/uploads\/2022\/10\/logo-massa-palha.png","width":522,"height":520,"caption":"Massa Palha"},"image":{"@id":"https:\/\/massapalha.com.br\/es\/#\/schema\/logo\/image\/"}}]}},"_links":{"self":[{"href":"https:\/\/massapalha.com.br\/es\/wp-json\/wp\/v2\/pages\/674","targetHints":{"allow":["GET"]}}],"collection":[{"href":"https:\/\/massapalha.com.br\/es\/wp-json\/wp\/v2\/pages"}],"about":[{"href":"https:\/\/massapalha.com.br\/es\/wp-json\/wp\/v2\/types\/page"}],"author":[{"embeddable":true,"href":"https:\/\/massapalha.com.br\/es\/wp-json\/wp\/v2\/users\/1"}],"replies":[{"embeddable":true,"href":"https:\/\/massapalha.com.br\/es\/wp-json\/wp\/v2\/comments?post=674"}],"version-history":[{"count":7,"href":"https:\/\/massapalha.com.br\/es\/wp-json\/wp\/v2\/pages\/674\/revisions"}],"predecessor-version":[{"id":866,"href":"https:\/\/massapalha.com.br\/es\/wp-json\/wp\/v2\/pages\/674\/revisions\/866"}],"wp:attachment":[{"href":"https:\/\/massapalha.com.br\/es\/wp-json\/wp\/v2\/media?parent=674"}],"curies":[{"name":"wp","href":"https:\/\/api.w.org\/{rel}","templated":true}]}}